{"id":100,"date":"2021-12-30T07:00:54","date_gmt":"2021-12-30T13:00:54","guid":{"rendered":"http:\/\/cyclistlaw.mysites.io\/?page_id=100"},"modified":"2025-03-08T00:04:40","modified_gmt":"2025-03-08T06:04:40","slug":"que-hacer-si-te-has-lesionado","status":"publish","type":"page","link":"https:\/\/cyclistlaw.com\/es\/what-to-do-if-youve-been-injured\/","title":{"rendered":"\u00bfQu\u00e9 hacer si te has lesionado?"},"content":{"rendered":"<h1>\n\t\tLista de Verificaci\u00f3n de Lesiones: <br \/>Qu\u00e9 hacer despu\u00e9s de un accidente de bicicleta\n\t<\/h1>\n\t\t\t<a href=\"https:\/\/cyclistlaw.com\/es\/contact\/#free-case-evaluation\" target=\"_self\">\n\t\t\t\t\t\t\tHaz clic aqu\u00ed para una consulta gratuita\n\t\t\t\t\t<\/a>\n<h1>\n\t\tWhat to Do If You&#8217;ve Been Injured\n\t<\/h1>\n\t<p>While a general personal injury attorney may have some knowledge and experience handling various types of injury cases, including motorcycle accidents, it is generally advisable to seek out an attorney who specifically specializes in motorcycle accidents or has significant experience with similar cases. Here&#8217;s why:<\/p>\n\t\t\t\t\t\t\t<img loading=\"lazy\" decoding=\"async\" src=\"https:\/\/cyclistlaw.com\/wp-content\/uploads\/2023\/06\/law-icon.png\" alt=\"obtener ayuda\" width=\"128\" height=\"128\" \/>\n\t\t<h4>Obtener ayuda<\/h4>\n\t\t\t\t\t<ul><li>Primero, llama al 911.<\/li><li>Aseg\u00farate de que llamen a la polic\u00eda y que levanten un informe detallado.<\/li><li>This isn&#8217;t the time to be tough: Even if you think you&#8217;re not seriously hurt, don&#8217;t refuse medical aid. You could be in shock or your injuries may not be apparent yet.<\/li><\/ul>\t\t\t\t\n\t<meta itemprop=\"url\" content=\"https:\/\/cyclistlaw.com\/wp-content\/uploads\/2023\/06\/take-the-ambulance.mp4\" \/><div style=\"width: 640px;\" class=\"wp-video\"><video class=\"wp-video-shortcode\" id=\"video-100-1\" width=\"640\" height=\"360\" preload=\"metadata\" controls=\"controls\"><source type=\"video\/mp4\" src=\"https:\/\/cyclistlaw.com\/wp-content\/uploads\/2023\/06\/take-the-ambulance.mp4?_=1\" \/><source type=\"video\/mp4\" src=\"https:\/\/cyclistlaw.com\/wp-content\/uploads\/2023\/06\/take-the-ambulance.mp4?_=1\" \/><a href=\"https:\/\/cyclistlaw.com\/wp-content\/uploads\/2023\/06\/take-the-ambulance.mp4\">https:\/\/cyclistlaw.com\/wp-content\/uploads\/2023\/06\/take-the-ambulance.mp4<\/a><\/video><\/div>\n\t<p><strong>Tome la ambulancia<\/strong><\/p>\n\t\t\t\t\t\t\t<img loading=\"lazy\" decoding=\"async\" src=\"https:\/\/cyclistlaw.com\/wp-content\/uploads\/2023\/06\/argue-icon-1.png\" alt=\"En la Escena\" width=\"128\" height=\"128\" \/>\n\t\t<h4>En la Escena<\/h4>\n\t\t\t\t\t<ul><li>Don&#8217;t discuss fault with the driver.<\/li><li>Be sure that the driver has provided his or her driver&#8217;s license, insurance information and license plate number to authorities.<\/li><li>Retira el acolchado del interior del casco y revisa si hay grietas en la espuma interior. <\/li><li>Understand that the police officers on the scene might automatically assume you caused the crash because you&#8217;re on a motorcycle, bicycle or on foot and might put you on the defensive. They could miss things and fail to get key facts like contact information for witnesses.<\/li><\/ul>\t\t\t\t\n\t<meta itemprop=\"url\" content=\"https:\/\/cyclistlaw.com\/wp-content\/uploads\/2023\/06\/let-your-cell-phone-run.mp4\" \/><div style=\"width: 640px;\" class=\"wp-video\"><video class=\"wp-video-shortcode\" id=\"video-100-2\" width=\"640\" height=\"360\" preload=\"metadata\" controls=\"controls\"><source type=\"video\/mp4\" src=\"https:\/\/cyclistlaw.com\/wp-content\/uploads\/2023\/06\/let-your-cell-phone-run.mp4?_=2\" \/><source type=\"video\/mp4\" src=\"https:\/\/cyclistlaw.com\/wp-content\/uploads\/2023\/06\/let-your-cell-phone-run.mp4?_=2\" \/><a href=\"https:\/\/cyclistlaw.com\/wp-content\/uploads\/2023\/06\/let-your-cell-phone-run.mp4\">https:\/\/cyclistlaw.com\/wp-content\/uploads\/2023\/06\/let-your-cell-phone-run.mp4<\/a><\/video><\/div>\n\t<p><strong>Enciende tu tel\u00e9fono celular y d\u00e9jalo funcionar<\/strong><\/p>\n\t<meta itemprop=\"url\" content=\"https:\/\/cyclistlaw.com\/wp-content\/uploads\/2023\/06\/witness-information.mp4\" \/><div style=\"width: 640px;\" class=\"wp-video\"><video class=\"wp-video-shortcode\" id=\"video-100-3\" width=\"640\" height=\"360\" preload=\"metadata\" controls=\"controls\"><source type=\"video\/mp4\" src=\"https:\/\/cyclistlaw.com\/wp-content\/uploads\/2023\/06\/witness-information.mp4?_=3\" \/><source type=\"video\/mp4\" src=\"https:\/\/cyclistlaw.com\/wp-content\/uploads\/2023\/06\/witness-information.mp4?_=3\" \/><a href=\"https:\/\/cyclistlaw.com\/wp-content\/uploads\/2023\/06\/witness-information.mp4\">https:\/\/cyclistlaw.com\/wp-content\/uploads\/2023\/06\/witness-information.mp4<\/a><\/video><\/div>\n\t<p><strong>Obt\u00e9n informaci\u00f3n de testigos si puedes<\/strong><\/p>\n\t\t\t\t\t\t\t<img loading=\"lazy\" decoding=\"async\" src=\"https:\/\/cyclistlaw.com\/wp-content\/uploads\/2023\/06\/record-icon.png\" alt=\"Capturar informaci\u00f3n\" width=\"128\" height=\"128\" \/>\n\t\t<h4>Capturar informaci\u00f3n<\/h4>\n\t\t\t\t\t<p>If you remember only one thing to do after an accident, make it this: Grab your phone and record as much information as you can. Take photos or video. Record yourself talking. Write notes. What you&#8217;re able to note, film or photograph depends on how hurt or shaken up you are, but any information like this can help your case later.<\/p><ul><li>Im\u00e1genes o descripciones del conductor, el veh\u00edculo y los da\u00f1os al veh\u00edculo.<\/li><li>Im\u00e1genes o descripciones de tus heridas, sangre en la calle, etc.<\/li><li>Images or descriptions of witnesses &#8211; even if it&#8217;s just someone who drives by and asks if you&#8217;re OK.<\/li><li>Im\u00e1genes o un diagrama de la calle y d\u00f3nde ocurri\u00f3 su accidente, y d\u00f3nde se encuentran los veh\u00edculos en relaci\u00f3n entre s\u00ed.<\/li><li>Las ubicaciones de cualquier c\u00e1mara que pudiera haber captado el accidente.<\/li><li>\u00bfRecuerdas algo justo antes y justo despu\u00e9s del choque? Cosas sospechosas: \u00bfEl conductor o el veh\u00edculo huelen a alcohol? \u00bfLas personas est\u00e1n moviendo sus veh\u00edculos, intentando cambiar de posici\u00f3n dentro del veh\u00edculo (para hacer parecer que otra persona estaba conduciendo) o haciendo cualquier otra cosa para ocultar algo o causar confusi\u00f3n?<\/li><\/ul>\t\t\t\t\n\t\t\t\t\t\t\t<img loading=\"lazy\" decoding=\"async\" src=\"https:\/\/cyclistlaw.com\/wp-content\/uploads\/2023\/06\/clew-icon-1.png\" alt=\"Cuando llegues a casa\" width=\"128\" height=\"128\" \/>\n\t\t<h4>Cuando llegues a casa<\/h4>\n\t\t\t\t\t<p>DO NOT throw away any clothing, even if it is badly soiled.Note and take photos of your injuries and damage to your motorcycle or bicycle, equipment and clothing.Note anything else you remember from before or after the crash. Every detail is important.Remember that insurance companies will not tell you what you need to know but they will ask you questions that will help them reduce your payment. Never discuss fault with insurance representatives.Don&#8217;t beat yourself up about anything you did or didn&#8217;t do at the scene. You did your best in a really intense situation.<\/p>\t\t\t\t\n\t<h2>We&#8217;re Bikers Representing Other Bikers.<\/h2>\n<p><a href=\"https:\/\/cyclistlaw.com\/es\/contact\/\">Contactar a un abogado<\/a> con conocimiento y experiencia especializada en accidentes relacionados con usuarios vulnerables de la v\u00eda p\u00fablica. Fundador de Cyclistlaw <a href=\"https:\/\/cyclistlaw.com\/es\/equipo\/\">Lenore Shefman<\/a> puedo aconsejarte sobre <a href=\"https:\/\/cyclistlaw.com\/es\/what-to-expect\/\">pr\u00f3ximos pasos<\/a> y si presentar una demanda por lesiones personales.<\/p>\n\t<meta itemprop=\"url\" content=\"https:\/\/cyclistlaw.com\/wp-content\/uploads\/2023\/06\/we-ride.mp4\" \/><div style=\"width: 640px;\" class=\"wp-video\"><video class=\"wp-video-shortcode\" id=\"video-100-4\" width=\"640\" height=\"360\" preload=\"metadata\" controls=\"controls\"><source type=\"video\/mp4\" src=\"https:\/\/cyclistlaw.com\/wp-content\/uploads\/2023\/06\/we-ride.mp4?_=4\" \/><source type=\"video\/mp4\" src=\"https:\/\/cyclistlaw.com\/wp-content\/uploads\/2023\/06\/we-ride.mp4?_=4\" \/><a href=\"https:\/\/cyclistlaw.com\/wp-content\/uploads\/2023\/06\/we-ride.mp4\">https:\/\/cyclistlaw.com\/wp-content\/uploads\/2023\/06\/we-ride.mp4<\/a><\/video><\/div>\n\t\t\t<a href=\"https:\/\/cyclistlaw.com\/es\/contact\/\" target=\"_self\">\n\t\t\t\t\t\t\tSolicita una consulta gratuita\n\t\t\t\t\t<\/a>\n\t\t\t<a href=\"tel:+15123868117\" target=\"_self\">\n\t\t\t\t\t\t\tOficina de Austin: 512.386.8117\n\t\t\t\t\t<\/a>\n\t\t\t<a href=\"tel:+13102653834\" target=\"_self\">\n\t\t\t\t\t\t\tOficina de Los \u00c1ngeles: 310 265 3834\n\t\t\t\t\t<\/a>","protected":false},"excerpt":{"rendered":"<p>Injury Checklist: What to Do After a Bike Accident Click Here For a Free Consultation What to Do If You&#8217;ve Been Injured While a general personal injury attorney may have some knowledge and experience handling various types of injury cases, including motorcycle accidents, it is generally advisable to seek out an attorney who specifically specializes [&hellip;]<\/p>\n","protected":false},"author":1,"featured_media":0,"parent":0,"menu_order":0,"comment_status":"closed","ping_status":"closed","template":"","meta":{"site-sidebar-layout":"default","site-content-layout":"","ast-site-content-layout":"default","site-content-style":"default","site-sidebar-style":"default","ast-global-header-display":"","ast-banner-title-visibility":"","ast-main-header-display":"","ast-hfb-above-header-display":"","ast-hfb-below-header-display":"","ast-hfb-mobile-header-display":"","site-post-title":"","ast-breadcrumbs-content":"","ast-featured-img":"","footer-sml-layout":"","ast-disable-related-posts":"","theme-transparent-header-meta":"","adv-header-id-meta":"","stick-header-meta":"","header-above-stick-meta":"","header-main-stick-meta":"","header-below-stick-meta":"","astra-migrate-meta-layouts":"set","ast-page-background-enabled":"default","ast-page-background-meta":{"desktop":{"background-color":"var(--ast-global-color-4)","background-image":"","background-repeat":"repeat","background-position":"center center","background-size":"auto","background-attachment":"scroll","background-type":"","background-media":"","overlay-type":"","overlay-color":"","overlay-opacity":"","overlay-gradient":""},"tablet":{"background-color":"","background-image":"","background-repeat":"repeat","background-position":"center center","background-size":"auto","background-attachment":"scroll","background-type":"","background-media":"","overlay-type":"","overlay-color":"","overlay-opacity":"","overlay-gradient":""},"mobile":{"background-color":"","background-image":"","background-repeat":"repeat","background-position":"center center","background-size":"auto","background-attachment":"scroll","background-type":"","background-media":"","overlay-type":"","overlay-color":"","overlay-opacity":"","overlay-gradient":""}},"ast-content-background-meta":{"desktop":{"background-color":"var(--ast-global-color-5)","background-image":"","background-repeat":"repeat","background-position":"center center","background-size":"auto","background-attachment":"scroll","background-type":"","background-media":"","overlay-type":"","overlay-color":"","overlay-opacity":"","overlay-gradient":""},"tablet":{"background-color":"var(--ast-global-color-5)","background-image":"","background-repeat":"repeat","background-position":"center center","background-size":"auto","background-attachment":"scroll","background-type":"","background-media":"","overlay-type":"","overlay-color":"","overlay-opacity":"","overlay-gradient":""},"mobile":{"background-color":"var(--ast-global-color-5)","background-image":"","background-repeat":"repeat","background-position":"center center","background-size":"auto","background-attachment":"scroll","background-type":"","background-media":"","overlay-type":"","overlay-color":"","overlay-opacity":"","overlay-gradient":""}},"footnotes":""},"class_list":["post-100","page","type-page","status-publish","hentry"],"featured_image_src":null,"_links":{"self":[{"href":"https:\/\/cyclistlaw.com\/es\/wp-json\/wp\/v2\/pages\/100","targetHints":{"allow":["GET"]}}],"collection":[{"href":"https:\/\/cyclistlaw.com\/es\/wp-json\/wp\/v2\/pages"}],"about":[{"href":"https:\/\/cyclistlaw.com\/es\/wp-json\/wp\/v2\/types\/page"}],"author":[{"embeddable":true,"href":"https:\/\/cyclistlaw.com\/es\/wp-json\/wp\/v2\/users\/1"}],"replies":[{"embeddable":true,"href":"https:\/\/cyclistlaw.com\/es\/wp-json\/wp\/v2\/comments?post=100"}],"version-history":[{"count":0,"href":"https:\/\/cyclistlaw.com\/es\/wp-json\/wp\/v2\/pages\/100\/revisions"}],"wp:attachment":[{"href":"https:\/\/cyclistlaw.com\/es\/wp-json\/wp\/v2\/media?parent=100"}],"curies":[{"name":"wp","href":"https:\/\/api.w.org\/{rel}","templated":true}]}}