{"id":1765,"date":"2023-06-27T13:21:00","date_gmt":"2023-06-27T18:21:00","guid":{"rendered":"https:\/\/cyclistlaw.mysites.io\/?page_id=1765"},"modified":"2025-01-24T09:22:37","modified_gmt":"2025-01-24T15:22:37","slug":"abogados-de-lesiones-personales-en-san-antonio","status":"publish","type":"page","link":"https:\/\/cyclistlaw.com\/es\/san-antonio-personal-injury-lawyers\/","title":{"rendered":"San Antonio"},"content":{"rendered":"<h1>\n\t\tAbogado de Lesiones Personales en San Antonio\n\t<\/h1>\n<h2 class=\"translation-block\"><span class=\"title-text pp-primary-title\">\u00bfHa tenido un accidente?<\/span> <span class=\"title-text pp-secondary-title\">P\u00f3ngase en contacto con nosotros hoy mismo.<\/span><\/h2>\n\t<p>If you&#8217;re able, take out your phone and record anything and everything possible. Then call Cyclistlaw as soon as you can.<\/p>\n\t<p><b>\u00a1Si vive en el \u00e1rea metropolitana de San Antonio, podemos ayudarle! Tambi\u00e9n podemos representarle si vive en alguna de estas \u00e1reas:<\/b><\/p>\n<ul>\n<li>New Braunfels<\/li>\n<li>Schertz<\/li>\n<li>Segu\u00edn<\/li>\n<li>C\u00edbolo<\/li>\n<li>\u00a1y \u00e1reas circundantes!<\/li>\n<\/ul>\n<h4>\n\t\tevaluaci\u00f3n gratuita de su caso\n\t<\/h4>\n\t<p>Free 30-minute to 2-hour meeting. No pressure. No hard sells. We lay out the basics on your case and advise you on whether or not to pursue litigation. In this discussion we will explain the anatomy of a lawsuit and what to expect. We&#8217;ll tell you not to hire us if we don&#8217;t think you should pursue the claim.<\/p>\n<p><a href=\"https:\/\/cyclistlaw.com\/es\/what-to-expect\/\">Conoce m\u00e1s sobre nuestro proceso.<\/a><\/p>\n                <form method=\"post\" enctype=\"multipart\/form-data\" target=\"gform_ajax_frame_1\" id=\"gform_1\" action=\"\/es\/?page_id=1765&#038;fl_builder#gf_1\" data-formid=\"1\" novalidate=\"\" data-trp-original-action=\"\/?page_id=1765&amp;fl_builder#gf_1\">\n                        <label class=\"gfield_label gform-field-label\" for=\"input_1_1\">Name(Required)<\/label><input name=\"input_1\" id=\"input_1_1\" type=\"text\" value=\"\" class=\"large\" tabindex=\"100\" placeholder=\"Nombre*\" aria-required=\"true\" aria-invalid=\"false\"><label class=\"gfield_label gform-field-label\" for=\"input_1_2\">Email(Required)<\/label>\n                            <input name=\"input_2\" id=\"input_1_2\" type=\"email\" value=\"\" class=\"large\" tabindex=\"101\" placeholder=\"Correo electr\u00f3nico*\" aria-required=\"true\" aria-invalid=\"false\">\n                        <label class=\"gfield_label gform-field-label\" for=\"input_1_3\">Tel\u00e9fono<\/label><input name=\"input_3\" id=\"input_1_3\" type=\"tel\" value=\"\" class=\"large\" tabindex=\"102\" placeholder=\"Tel\u00e9fono\" aria-invalid=\"false\"><label class=\"gfield_label gform-field-label\" for=\"input_1_4\">Comentarios<\/label><textarea name=\"input_4\" id=\"input_1_4\" class=\"textarea small\" tabindex=\"103\" placeholder=\"Comentarios\" aria-invalid=\"false\" rows=\"10\" cols=\"50\"><\/textarea><label class=\"gfield_label gform-field-label\" for=\"input_1_5\">Correo electr\u00f3nico<\/label><input name=\"input_5\" id=\"input_1_5\" type=\"text\" value=\"\" autocomplete=\"new-password\">This field is for validation purposes and should be left unchanged.\n         <input type=\"submit\" id=\"gform_submit_button_1\" class=\"gform_button button\" onclick=\"gform.submission.handleButtonClick(this);\" value=\"Enviar\" tabindex=\"104\"> <input type=\"hidden\" name=\"gform_ajax\" value=\"form_id=1&amp;title=&amp;description=&amp;tabindex=100&amp;theme=gravity-theme\">\n            <input type=\"hidden\" class=\"gform_hidden\" name=\"gform_submission_method\" data-js=\"gform_submission_method_1\" value=\"iframe\">\n            <input type=\"hidden\" class=\"gform_hidden\" name=\"gform_theme\" data-js=\"gform_theme_1\" id=\"gform_theme_1\" value=\"gravity-theme\">\n            <input type=\"hidden\" class=\"gform_hidden\" name=\"gform_style_settings\" data-js=\"gform_style_settings_1\" id=\"gform_style_settings_1\" value=\"\">\n            <input type=\"hidden\" class=\"gform_hidden\" name=\"is_submit_1\" value=\"1\">\n            <input type=\"hidden\" class=\"gform_hidden\" name=\"gform_submit\" value=\"1\">\n            <input type=\"hidden\" class=\"gform_hidden\" name=\"gform_unique_id\" value=\"\">\n            <input type=\"hidden\" class=\"gform_hidden\" name=\"state_1\" value=\"WyJbXSIsImZkYTQ3OTdjMWZlNDEwN2Q1ZmZiZTk1NWUyMDNhM2VmIl0=\">\n            <input type=\"hidden\" autocomplete=\"off\" class=\"gform_hidden\" name=\"gform_target_page_number_1\" id=\"gform_target_page_number_1\" value=\"0\">\n            <input type=\"hidden\" autocomplete=\"off\" class=\"gform_hidden\" name=\"gform_source_page_number_1\" id=\"gform_source_page_number_1\" value=\"1\">\n            <input type=\"hidden\" name=\"gform_field_values\" value=\"\">\n                        <input type=\"hidden\" id=\"ct_checkjs_d58072be2820e8682c0a27c0518e805e\" name=\"ct_checkjs\" value=\"0\"><label id=\"apbct_label_id19632\" for=\"apbct__email_id__gravity_form_19632\">19632<\/label><input id=\"apbct__email_id__gravity_form_19632\" name=\"apbct__email_id__gravity_form_19632\" type=\"text\" size=\"30\" maxlength=\"200\" autocomplete=\"off\" value=\"19632\" apbct_event_id=\"19632\"><input id=\"apbct_event_id_gravity_form_19632\" name=\"apbct_event_id\" type=\"hidden\" value=\"19632\"><input type=\"hidden\" name=\"trp-form-language\" value=\"es\"\/><\/form>\n\t\t                <iframe style=\"display:none;width:0px;height:0px;\" src=\"about:blank\" name=\"gform_ajax_frame_1\" id=\"gform_ajax_frame_1\" title=\"This iframe contains the logic required to handle Ajax powered Gravity Forms.\"><\/iframe>\n\t<iframe loading=\"lazy\" width=\"560\" height=\"315\" src=\"https:\/\/www.youtube.com\/embed\/thBSIZK17Ns\" title=\"Reproductor de video de YouTube\" frameborder=\"0\" allow=\"accelerometer; autoplay; clipboard-write; encrypted-media; gyroscope; picture-in-picture; web-share\" allowfullscreen=\"\"><\/iframe>\n\n\n\n<p><\/p>","protected":false},"excerpt":{"rendered":"<p>Personal Injury Attorney in San Antonio Been in an Accident? Contact Us Today. If you&#8217;re able, take out your phone and record anything and everything possible. Then call Cyclistlaw as soon as you can. If you live in the San Antonio metro area, we can help! We can also represent you if you live in [&hellip;]<\/p>\n","protected":false},"author":2,"featured_media":0,"parent":0,"menu_order":0,"comment_status":"closed","ping_status":"closed","template":"","meta":{"site-sidebar-layout":"no-sidebar","site-content-layout":"page-builder","ast-site-content-layout":"full-width-container","site-content-style":"unboxed","site-sidebar-style":"unboxed","ast-global-header-display":"","ast-banner-title-visibility":"","ast-main-header-display":"","ast-hfb-above-header-display":"","ast-hfb-below-header-display":"","ast-hfb-mobile-header-display":"","site-post-title":"disabled","ast-breadcrumbs-content":"","ast-featured-img":"disabled","footer-sml-layout":"","ast-disable-related-posts":"","theme-transparent-header-meta":"default","adv-header-id-meta":"","stick-header-meta":"default","header-above-stick-meta":"","header-main-stick-meta":"","header-below-stick-meta":"","astra-migrate-meta-layouts":"set","ast-page-background-enabled":"default","ast-page-background-meta":{"desktop":{"background-color":"var(--ast-global-color-4)","background-image":"","background-repeat":"repeat","background-position":"center center","background-size":"auto","background-attachment":"scroll","background-type":"","background-media":"","overlay-type":"","overlay-color":"","overlay-opacity":"","overlay-gradient":""},"tablet":{"background-color":"","background-image":"","background-repeat":"repeat","background-position":"center center","background-size":"auto","background-attachment":"scroll","background-type":"","background-media":"","overlay-type":"","overlay-color":"","overlay-opacity":"","overlay-gradient":""},"mobile":{"background-color":"","background-image":"","background-repeat":"repeat","background-position":"center center","background-size":"auto","background-attachment":"scroll","background-type":"","background-media":"","overlay-type":"","overlay-color":"","overlay-opacity":"","overlay-gradient":""}},"ast-content-background-meta":{"desktop":{"background-color":"var(--ast-global-color-5)","background-image":"","background-repeat":"repeat","background-position":"center center","background-size":"auto","background-attachment":"scroll","background-type":"","background-media":"","overlay-type":"","overlay-color":"","overlay-opacity":"","overlay-gradient":""},"tablet":{"background-color":"var(--ast-global-color-5)","background-image":"","background-repeat":"repeat","background-position":"center center","background-size":"auto","background-attachment":"scroll","background-type":"","background-media":"","overlay-type":"","overlay-color":"","overlay-opacity":"","overlay-gradient":""},"mobile":{"background-color":"var(--ast-global-color-5)","background-image":"","background-repeat":"repeat","background-position":"center center","background-size":"auto","background-attachment":"scroll","background-type":"","background-media":"","overlay-type":"","overlay-color":"","overlay-opacity":"","overlay-gradient":""}},"footnotes":""},"class_list":["post-1765","page","type-page","status-publish","hentry"],"featured_image_src":null,"_links":{"self":[{"href":"https:\/\/cyclistlaw.com\/es\/wp-json\/wp\/v2\/pages\/1765","targetHints":{"allow":["GET"]}}],"collection":[{"href":"https:\/\/cyclistlaw.com\/es\/wp-json\/wp\/v2\/pages"}],"about":[{"href":"https:\/\/cyclistlaw.com\/es\/wp-json\/wp\/v2\/types\/page"}],"author":[{"embeddable":true,"href":"https:\/\/cyclistlaw.com\/es\/wp-json\/wp\/v2\/users\/2"}],"replies":[{"embeddable":true,"href":"https:\/\/cyclistlaw.com\/es\/wp-json\/wp\/v2\/comments?post=1765"}],"version-history":[{"count":0,"href":"https:\/\/cyclistlaw.com\/es\/wp-json\/wp\/v2\/pages\/1765\/revisions"}],"wp:attachment":[{"href":"https:\/\/cyclistlaw.com\/es\/wp-json\/wp\/v2\/media?parent=1765"}],"curies":[{"name":"wp","href":"https:\/\/api.w.org\/{rel}","templated":true}]}}