{"id":2194,"date":"2025-05-08T23:42:54","date_gmt":"2025-05-09T04:42:54","guid":{"rendered":"https:\/\/cyclistlaw.com\/?page_id=2194"},"modified":"2025-05-08T23:53:45","modified_gmt":"2025-05-09T04:53:45","slug":"california-personal-injury-lawyers","status":"publish","type":"page","link":"https:\/\/cyclistlaw.com\/es\/california-personal-injury-lawyers\/","title":{"rendered":"California"},"content":{"rendered":"<h2>\n\t\tTop Rated Attorneys Serving California\n\t<\/h2>\n\t\t\t\t<img loading=\"lazy\" decoding=\"async\" src=\"https:\/\/cyclistlaw.com\/wp-content\/uploads\/2025\/04\/mybadge.png\" alt=\"Insignia Super Lawyers de Lenore R. Shefman para 2025\" itemprop=\"image\" height=\"150\" width=\"180\" title=\"mybadge\" onerror=\"this.style.display='none'\">\n\t\t\t\t<img loading=\"lazy\" decoding=\"async\" src=\"https:\/\/cyclistlaw.com\/wp-content\/uploads\/2025\/05\/JURY-VERDICTS-180-x-150-px.png\" alt=\"Top 100 Jury Verdicts in Texas Badge\" itemprop=\"image\" height=\"150\" width=\"180\" title=\"JURY VERDICTS (180 x 150 px)\" onerror=\"this.style.display='none'\">\n\t\t\t\t\t\t<img decoding=\"async\" src=\"https:\/\/cyclistlaw.com\/wp-content\/uploads\/2024\/07\/aas.jpg\" alt=\"https:\/\/cyclistlaw.com\/wp-content\/uploads\/2024\/07\/aas.jpg\" data-no-lazy=\"1\">\t\t\t\t\t\n\t\t\t\t\t\t<img decoding=\"async\" src=\"https:\/\/cyclistlaw.com\/wp-content\/uploads\/2024\/07\/the-daily-texan-website-header-202406.png\" alt=\"https:\/\/cyclistlaw.com\/wp-content\/uploads\/2024\/07\/the-daily-texan-website-header-202406.png\" data-no-lazy=\"1\">\t\t\t\t\t\n\t\t\t\t\t\t<img decoding=\"async\" src=\"https:\/\/cyclistlaw.com\/wp-content\/uploads\/2024\/07\/chronicle.jpg\" alt=\"La insignia del Austin Chronicle\" data-no-lazy=\"1\">\t\t\t\t\t\n\t\t\t\t\t\t<img decoding=\"async\" src=\"https:\/\/cyclistlaw.com\/wp-content\/uploads\/2024\/07\/outside.jpg\" alt=\"https:\/\/cyclistlaw.com\/wp-content\/uploads\/2024\/07\/outside.jpg\" data-no-lazy=\"1\">\t\t\t\t\t\n\t\t\t\t\t\t<img decoding=\"async\" src=\"\" alt=\"\" data-no-lazy=\"1\">\t\t\t\t\t\n\t\t\t<button>Next<\/button>\n\t\t<button>Previous<\/button>\n\t\t\t<a href=\"https:\/\/cyclistlaw.com\/es\/contact\/#free-case-evaluation\" target=\"_self\">\n\t\t\t\t\t\t\tAgendar consulta gratuita de caso\n\t\t\t\t\t<\/a>\n\t<iframe loading=\"lazy\" width=\"560\" height=\"315\" src=\"https:\/\/www.youtube.com\/embed\/thBSIZK17Ns\" title=\"Reproductor de video de YouTube\" frameborder=\"0\" allow=\"accelerometer; autoplay; clipboard-write; encrypted-media; gyroscope; picture-in-picture; web-share\" allowfullscreen=\"\"><\/iframe>\n\t\t\t<blockquote><p>&#8220;Lenore and her team provided outstanding representation. I was hit by a car while riding my bicycle which resulted in a hospital stay and several months of physical therapy&#8230; If you&#8217;re involved in an accident, call Lenore before you do anything&#8230;.&#8221;- Allen D.<\/p><\/blockquote>\t\t\n<h2>\n\t\tWhy Choose Cyclistlaw For Your California Case?\n\t<\/h2>\n<h3>\n\t\tSpecialized Focus on Bicycle &amp; Motorcycle Accidents\n\t<\/h3>\n\t<p>Our California firm dedicates its practice to bicycle and motorcycle accident cases. This sharp focus means we bring targeted experience to your California-specific rider injury claim, understanding the unique challenges faced on CA roads.<\/p>\n<h3>\n\t\tDeep Understanding of California Traffic Laws\n\t<\/h3>\n\t<p>We possess a thorough knowledge of the California Vehicle Code and relevant local CA ordinances impacting cyclists and motorcyclists. This expertise is crucial for protecting your rights and building a strong case in California.<\/p>\n<h3>\n\t\tWe Know How To Fight Insurance Companies in CA\n\t<\/h3>\n\t<p>Navigating claims with insurance companies in California can be complex and frustrating process. Our experienced attorneys are skilled in aggressively advocating against insurers throughout CA to secure the fair treatment and compensation you deserve.<\/p>\n<h3>\n\t\tNo Win, No Fee Guarantee for Our California Clients\n\t<\/h3>\n\t<p>For our California clients, we operate on a contingency fee basis. This means you pay no attorney fees unless we win your case, offering risk-free legal representation to accident victims across California.<\/p>\n<h3>\n\t\tPersonalized Attention for Every California Case\n\t<\/h3>\n\t<p>Every bicycle and motorcycle accident case in California is unique. We provide dedicated, individualized attention to each California client, ensuring your specific circumstances and needs are our top priority.<\/p>\n<h3>\n\t\tMaximum Compensation For Your Case\n\t<\/h3>\n\t<p>Our goal is to secure the maximum possible compensation for your injuries and losses in California. We diligently pursue every avenue to ensure you receive a full and fair settlement for your California accident claim.<\/p>\n\t\t\t<a href=\"https:\/\/cyclistlaw.com\/es\/contact\/#free-case-evaluation\" target=\"_self\">\n\t\t\t\t\t\t\tEVALUACI\u00d3N GRATUITA DE SU CASO\n\t\t\t\t\t<\/a>\n  <!-- begin super lawyers badge -->\n    <a title=\"Ver el perfil de la abogada especializada en lesiones personales y derecho general de Texas, Lenore R. Shefman\" href=\"https:\/\/profiles.superlawyers.com\/texas\/austin\/lawyer\/lenore-r-shefman\/19930573-aac6-4816-969e-06fac8dc6ed9.html?npcmp=slb:badge:sl_badge:19930573-aac6-4816-969e-06fac8dc6ed9:year&amp;utm_source=19930573-aac6-4816-969e-06fac8dc6ed9&amp;utm_campaign=v2-slbadge-gray&amp;utm_content=profile\" rel=\"noopener\">\n      Lenore R. Shefman\n    <\/a>\n    Calificado por Super Lawyers<br><br><br>loading &#8230;\n  <!-- end super lawyers badge -->\n\t\t\t\t<img loading=\"lazy\" decoding=\"async\" src=\"https:\/\/cyclistlaw.com\/wp-content\/uploads\/2021\/12\/small-badges-v2-4.png\" alt=\"small-badges-v2 (4)\" itemprop=\"image\" height=\"104\" width=\"616\" title=\"small-badges-v2 (4)\" onerror=\"this.style.display='none'\">\n<h3>\n\t\tLenore puts the B in BADASS.\n\t<\/h3>\n\t<p>Ella luch\u00f3 por nosotros, incluso cuando nosotros mismos empez\u00e1bamos a perder la fe. Como persona que trabaja con abogados, me siento capacitada para afirmar que Lenore Shefman es una abogada de primer nivel. Es abierta, honesta, experimentada y tenaz. En pocas palabras, Lenore es una TIPO DURO que luchar\u00e1 por ti.<\/p>\n\t<p>&#8211; SETH G.<\/p>\n<h2>\n\t\tWe&#8217;re With You at Every Turn.\n\t<\/h2>\n<h3>\n\t\tasentamiento temprano\n\t<\/h3>\n\t<p>La gran mayor\u00eda de nuestros casos se resuelven antes de ir a juicio, y algunos se resuelven incluso antes de que se presente una demanda. El abogado adecuado evaluar\u00e1 su caso, determinar\u00e1 el mejor momento para presentar su demanda y decidir\u00e1 si debe ir a juicio.<\/p>\n<h3>\n\t\tmediaci\u00f3n\n\t<\/h3>\n\t<p>Durante el proceso judicial, el tribunal ordena que los casos se sometan a mediaci\u00f3n. Esto brinda a los clientes la oportunidad de resolver su caso antes de llegar a un juicio con jurado. La mayor\u00eda de los casos se resuelven antes de llegar a juicio.<\/p>\n<h3>\n\t\tVERSI\u00d3N DE PRUEBA\n\t<\/h3>\n\t<p>Cuando llevar su caso a juicio es la mejor opci\u00f3n, obtenemos resultados en la sala del tribunal. Cyclistlaw cuenta con una tasa de \u00e9xito del 99,1 % y ha logrado veredictos y acuerdos por valor de varios millones e incluso varios cientos de millones de d\u00f3lares en casos de toda \u00edndole.<\/p>\n<p>Cyclistlaw se destaca por ser un equipo de abogados litigantes que establece una conexi\u00f3n genuina con los miembros del jurado. Su autenticidad y su profundo conocimiento de cada detalle de tu accidente, las consecuencias m\u00e9dicas para sus clientes y el impacto general de tu lesi\u00f3n en todos los aspectos de tu vida les permiten llegar al meollo de tu caso.<\/p>\n\t\t\t<a href=\"tel:+13102653834\" target=\"_self\">\n\t\t\t\t\t\t\tOficina de California: 310.265.3834\n\t\t\t\t\t<\/a>\n<h2>\n\t\tAcerca de Cyclistlaw\n\t<\/h2>\n\t<p>CYCLISTLAW IS A FORCE-BRILLIANT, BEASTLY AND UNRELENTING FIGHTING FOR THE RIGHTS OF BIKERS AND CYCLISTS. OUR MISSION IS TO PROTECT THE RIGHTS OF VULNERABLE ROAD USERS: MOTORCYCLISTS, BICYCLISTS AND PEDESTRIANS.<\/p>\n\t<p>If you&#8217;re injured this is just the beginning. You have a lot of choices ahead of you. Your first decision is the most important one. Make the right choice. Choose Cyclistlaw for your legal team. Cyclistlaw provides compassionate guidance and the best legal representation. Our attorneys know where you&#8217;re coming from and how to get you the best outcome.<\/p>\n\t<p><strong>Lenore Shefman, Fundadora y Abogada en Juicios<\/strong><\/p>\n\t\t\t\t<img loading=\"lazy\" decoding=\"async\" src=\"https:\/\/cyclistlaw.com\/wp-content\/uploads\/2025\/03\/lenore_withothers-1.png\" alt=\"lenore_withothers\" itemprop=\"image\" height=\"2040\" width=\"1860\" title=\"lenore_withothers\" onerror=\"this.style.display='none'\">\n\t\t\t<a href=\"https:\/\/cyclistlaw.com\/es\/contact\/#free-case-evaluation\" target=\"_self\">\n\t\t\t\t\t\t\tSolicita una consulta gratuita\n\t\t\t\t\t<\/a>\n\t\t\t<a href=\"tel:+13102653834\" target=\"_self\">\n\t\t\t\t\t\t\tOficina de California: 310.265.3834\n\t\t\t\t\t<\/a>\n<h2>\n\t\tAbogados con amplia experiencia en lesiones personales para v\u00edctimas de accidentes de tr\u00e1fico, n\u00e1uticos y de peatones\n\t<\/h2>\n\t\t\t<a href=\"https:\/\/cyclistlaw.com\/es\/catastrophic-injuries\/\" target=\"_self\">\n\t\t\t\t\t\t\t<img loading=\"lazy\" decoding=\"async\" src=\"https:\/\/cyclistlaw.com\/wp-content\/uploads\/2023\/06\/noun-spine-lumbar-4556998-B22A2E.png\" alt=\"lesiones catastr\u00f3ficas\" width=\"512\" height=\"512\">\n\t\t\t\t\t\t<h3>LESIONES CATASTR\u00d3FICAS<\/h3>\t\t\t\t\t\n\t\t\t<p>Una lesi\u00f3n catastr\u00f3fica es un da\u00f1o grave al cerebro, la m\u00e9dula espinal o los \u00f3rganos internos.<\/p>\t\t\n\t\t<\/a>\n\t\t\t<a href=\"https:\/\/cyclistlaw.com\/es\/wrongful-death\/\" target=\"_self\">\n\t\t\t\t\t\t\t<img loading=\"lazy\" decoding=\"async\" src=\"https:\/\/cyclistlaw.com\/wp-content\/uploads\/2023\/06\/noun-heart-beat-3009503-B22A2E.png\" alt=\"muerte injusta\" width=\"512\" height=\"512\">\n\t\t\t\t\t\t<h3>MUERTE INJUSTA<\/h3>\t\t\t\t\t\n\t\t\t<p>Wrongful death action means a type of lawsuit brought on behalf of a deceased person&#8217;s beneficiaries.<\/p>\t\t\n\t\t<\/a>\n\t\t\t<a href=\"https:\/\/cyclistlaw.com\/es\/motorcycle-accident\/\" target=\"_self\">\n\t\t\t\t\t\t\t<img loading=\"lazy\" decoding=\"async\" src=\"https:\/\/cyclistlaw.com\/wp-content\/uploads\/2023\/06\/noun-motorcycle-2383646-B22A2E.png\" alt=\"accidentes de motocicleta\" width=\"512\" height=\"512\">\n\t\t\t\t\t\t<h3>ACCIDENTES DE MOTOCICLETA<\/h3>\t\t\t\t\t\n\t\t\t<p>Los motociclistas sufren discriminaci\u00f3n por parte de los conductores de autom\u00f3viles y camiones que dominan las carreteras.<\/p>\t\t\n\t\t<\/a>\n\t\t\t<a href=\"https:\/\/cyclistlaw.com\/es\/bicycle-accidents\/\" target=\"_self\">\n\t\t\t\t\t\t\t<img loading=\"lazy\" decoding=\"async\" src=\"https:\/\/cyclistlaw.com\/wp-content\/uploads\/2023\/06\/noun-bicycle-101959-B22A2E.png\" alt=\"ACCIDENTES DE BICICLETA\" width=\"512\" height=\"512\">\n\t\t\t\t\t\t<h3>ACCIDENTES DE BICICLETA<\/h3>\t\t\t\t\t\n\t\t\t<p>Cuando un ciclista se lesiona en un accidente de bicicleta o sufre una ca\u00edda, es fundamental recuperarse y saber qu\u00e9 hacer a continuaci\u00f3n.<\/p>\t\t\n\t\t<\/a>\n\t\t\t<a href=\"https:\/\/cyclistlaw.com\/es\/pedestrian-accidents\/\" target=\"_self\">\n\t\t\t\t\t\t\t<img loading=\"lazy\" decoding=\"async\" src=\"https:\/\/cyclistlaw.com\/wp-content\/uploads\/2023\/06\/noun-dogwalker-4072059-B22A2E.png\" alt=\"ACCIDENTES DE PEATONES\" width=\"512\" height=\"512\">\n\t\t\t\t\t\t<h3>ACCIDENTES DE PEATONES<\/h3>\t\t\t\t\t\n\t\t\t<p>Los peatones sufren accidentes cuando los conductores no respetan las normas de tr\u00e1nsito.<\/p>\t\t\n\t\t<\/a>\n\t\t\t<a href=\"https:\/\/cyclistlaw.com\/es\/pedestrian-accidents\/\" target=\"_self\">\n\t\t\t\t\t\t\t<img loading=\"lazy\" decoding=\"async\" src=\"https:\/\/cyclistlaw.com\/wp-content\/uploads\/2023\/06\/noun-jet-ski-172960-B22A2E-1.png\" alt=\"ACCIDENTES DE EMBARCACIONES\" width=\"332\" height=\"332\">\n\t\t\t\t\t\t<h3>ACCIDENTES DE EMBARCACIONES<\/h3>\t\t\t\t\t\n\t\t\t<p>La negligencia, el exceso de velocidad, la conducci\u00f3n bajo los efectos del alcohol o las drogas, las fallas en el equipo o las condiciones clim\u00e1ticas adversas pueden provocar lesiones graves y da\u00f1os materiales.<\/p>\t\t\n\t\t<\/a>\n<h2>\n\t\tAbogados: p\u00f3nganse en contacto con Cyclistlaw para que llevemos su caso\n\t<\/h2>\n\t\t\t<a href=\"https:\/\/cyclistlaw.com\/es\/attorney-request-form\/\" target=\"_self\">\n\t\t\t\t\t\t\tTell Us About Your Case\n\t\t\t\t\t<\/a>\n\n\n\n<p><\/p>","protected":false},"excerpt":{"rendered":"<p>Top Rated Attorneys Serving California Next Previous Schedule free case consultation &#8220;Lenore and her team provided outstanding representation. I was hit by a car while riding my bicycle which resulted in a hospital stay and several months of physical therapy&#8230; If you&#8217;re involved in an accident, call Lenore before you do anything&#8230;.&#8221;- Allen D. Why [&hellip;]<\/p>\n","protected":false},"author":5,"featured_media":0,"parent":0,"menu_order":0,"comment_status":"closed","ping_status":"closed","template":"","meta":{"site-sidebar-layout":"default","site-content-layout":"default","ast-site-content-layout":"default","site-content-style":"default","site-sidebar-style":"default","ast-global-header-display":"","ast-banner-title-visibility":"","ast-main-header-display":"","ast-hfb-above-header-display":"","ast-hfb-below-header-display":"","ast-hfb-mobile-header-display":"","site-post-title":"","ast-breadcrumbs-content":"","ast-featured-img":"","footer-sml-layout":"","ast-disable-related-posts":"","theme-transparent-header-meta":"default","adv-header-id-meta":"","stick-header-meta":"default","header-above-stick-meta":"","header-main-stick-meta":"","header-below-stick-meta":"","astra-migrate-meta-layouts":"set","ast-page-background-enabled":"default","ast-page-background-meta":{"desktop":{"background-color":"var(--ast-global-color-4)","background-image":"","background-repeat":"repeat","background-position":"center center","background-size":"auto","background-attachment":"scroll","background-type":"","background-media":"","overlay-type":"","overlay-color":"","overlay-opacity":"","overlay-gradient":""},"tablet":{"background-color":"","background-image":"","background-repeat":"repeat","background-position":"center center","background-size":"auto","background-attachment":"scroll","background-type":"","background-media":"","overlay-type":"","overlay-color":"","overlay-opacity":"","overlay-gradient":""},"mobile":{"background-color":"","background-image":"","background-repeat":"repeat","background-position":"center center","background-size":"auto","background-attachment":"scroll","background-type":"","background-media":"","overlay-type":"","overlay-color":"","overlay-opacity":"","overlay-gradient":""}},"ast-content-background-meta":{"desktop":{"background-color":"var(--ast-global-color-5)","background-image":"","background-repeat":"repeat","background-position":"center center","background-size":"auto","background-attachment":"scroll","background-type":"","background-media":"","overlay-type":"","overlay-color":"","overlay-opacity":"","overlay-gradient":""},"tablet":{"background-color":"var(--ast-global-color-5)","background-image":"","background-repeat":"repeat","background-position":"center center","background-size":"auto","background-attachment":"scroll","background-type":"","background-media":"","overlay-type":"","overlay-color":"","overlay-opacity":"","overlay-gradient":""},"mobile":{"background-color":"var(--ast-global-color-5)","background-image":"","background-repeat":"repeat","background-position":"center center","background-size":"auto","background-attachment":"scroll","background-type":"","background-media":"","overlay-type":"","overlay-color":"","overlay-opacity":"","overlay-gradient":""}},"footnotes":""},"class_list":["post-2194","page","type-page","status-publish","hentry"],"featured_image_src":null,"_links":{"self":[{"href":"https:\/\/cyclistlaw.com\/es\/wp-json\/wp\/v2\/pages\/2194","targetHints":{"allow":["GET"]}}],"collection":[{"href":"https:\/\/cyclistlaw.com\/es\/wp-json\/wp\/v2\/pages"}],"about":[{"href":"https:\/\/cyclistlaw.com\/es\/wp-json\/wp\/v2\/types\/page"}],"author":[{"embeddable":true,"href":"https:\/\/cyclistlaw.com\/es\/wp-json\/wp\/v2\/users\/5"}],"replies":[{"embeddable":true,"href":"https:\/\/cyclistlaw.com\/es\/wp-json\/wp\/v2\/comments?post=2194"}],"version-history":[{"count":0,"href":"https:\/\/cyclistlaw.com\/es\/wp-json\/wp\/v2\/pages\/2194\/revisions"}],"wp:attachment":[{"href":"https:\/\/cyclistlaw.com\/es\/wp-json\/wp\/v2\/media?parent=2194"}],"curies":[{"name":"wp","href":"https:\/\/api.w.org\/{rel}","templated":true}]}}